{"id":116,"date":"2019-11-07T07:24:07","date_gmt":"2019-11-07T07:24:07","guid":{"rendered":"https:\/\/algrusa.com\/?page_id=116"},"modified":"2020-01-29T12:42:26","modified_gmt":"2020-01-29T12:42:26","slug":"contacto","status":"publish","type":"page","link":"https:\/\/algrusa.com\/en\/contacto\/","title":{"rendered":"Contact"},"content":{"rendered":"<div data-elementor-type=\"wp-page\" data-elementor-id=\"116\" class=\"elementor elementor-116\">\n\t\t\t\t\t\t<section class=\"elementor-section elementor-top-section elementor-element elementor-element-724f13f elementor-section-boxed elementor-section-height-default elementor-section-height-default\" data-id=\"724f13f\" data-element_type=\"section\">\n\t\t\t\t\t\t\t<div class=\"elementor-background-overlay\"><\/div>\n\t\t\t\t\t\t\t<div class=\"elementor-container elementor-column-gap-default\">\n\t\t\t\t\t<div class=\"elementor-column elementor-col-100 elementor-top-column elementor-element elementor-element-0ad9958\" data-id=\"0ad9958\" data-element_type=\"column\">\n\t\t\t<div class=\"elementor-widget-wrap elementor-element-populated\">\n\t\t\t\t\t\t<div class=\"elementor-element elementor-element-7472661 elementor-widget-divider--view-line elementor-widget elementor-widget-divider\" data-id=\"7472661\" data-element_type=\"widget\" data-widget_type=\"divider.default\">\n\t\t\t\t<div class=\"elementor-widget-container\">\n\t\t\t\t\t\t\t<div class=\"elementor-divider\">\n\t\t\t<span class=\"elementor-divider-separator\">\n\t\t\t\t\t\t<\/span>\n\t\t<\/div>\n\t\t\t\t\t\t<\/div>\n\t\t\t\t<\/div>\n\t\t\t\t\t<\/div>\n\t\t<\/div>\n\t\t\t\t\t<\/div>\n\t\t<\/section>\n\t\t\t\t<section class=\"elementor-section elementor-top-section elementor-element elementor-element-15da3f4 elementor-section-boxed elementor-section-height-default elementor-section-height-default\" data-id=\"15da3f4\" data-element_type=\"section\">\n\t\t\t\t\t\t\t<div class=\"elementor-background-overlay\"><\/div>\n\t\t\t\t\t\t\t<div class=\"elementor-container elementor-column-gap-default\">\n\t\t\t\t\t<div class=\"elementor-column elementor-col-100 elementor-top-column elementor-element elementor-element-b5cc622\" data-id=\"b5cc622\" data-element_type=\"column\">\n\t\t\t<div class=\"elementor-widget-wrap elementor-element-populated\">\n\t\t\t\t\t\t<section class=\"elementor-section elementor-inner-section elementor-element elementor-element-fc596eb elementor-section-boxed elementor-section-height-default elementor-section-height-default\" data-id=\"fc596eb\" data-element_type=\"section\">\n\t\t\t\t\t\t<div class=\"elementor-container elementor-column-gap-default\">\n\t\t\t\t\t<div class=\"elementor-column elementor-col-50 elementor-inner-column elementor-element elementor-element-c09e370\" data-id=\"c09e370\" data-element_type=\"column\">\n\t\t\t<div class=\"elementor-widget-wrap elementor-element-populated\">\n\t\t\t\t\t\t<div class=\"elementor-element elementor-element-9a7865b elementor-widget elementor-widget-text-editor\" data-id=\"9a7865b\" data-element_type=\"widget\" data-widget_type=\"text-editor.default\">\n\t\t\t\t<div class=\"elementor-widget-container\">\n\t\t\t\t\t\t\t\t\t<p><span style=\"color: #012d74;\"><strong>North Zone Delegation<\/strong><\/span><br \/><span style=\"color: #012d74;\">C\/Ferm\u00edn Daoiz, 1-bajo<\/span><br \/><span style=\"color: #012d74;\">31015 Pamplona (Navarra)<\/span><br \/><span style=\"color: #012d74;\">Phone: 948123411 Mobile: 619424201<\/span><br \/><span style=\"color: #012d74;\">Fax: 948127622<\/span><br \/><span style=\"color: #012d74;\">admon@algrusa.es<\/span><\/p><p><span style=\"color: #012d74;\"><b>Center delegation<\/b><\/span><br \/><span style=\"color: #012d74;\">C\/Conde Romanones, N\u00ba2 (P.I. Miralcampo)<\/span><br \/><span style=\"color: #012d74;\">19200 Azuqueca de Henares (Guadalajara)<\/span><br \/><span style=\"color: #012d74;\">Phone: 949277090 Mobile: 619424213<\/span><br \/><span style=\"color: #012d74;\">Fax: 949277126<\/span><br \/><span style=\"color: #012d74;\">trejo@algrusa.es<\/span><br \/>\u00a0<\/p>\t\t\t\t\t\t\t\t<\/div>\n\t\t\t\t<\/div>\n\t\t\t\t\t<\/div>\n\t\t<\/div>\n\t\t\t\t<div class=\"elementor-column elementor-col-50 elementor-inner-column elementor-element elementor-element-827f41f\" data-id=\"827f41f\" data-element_type=\"column\">\n\t\t\t<div class=\"elementor-widget-wrap elementor-element-populated\">\n\t\t\t\t\t\t<div class=\"elementor-element elementor-element-f235add elementor-widget elementor-widget-text-editor\" data-id=\"f235add\" data-element_type=\"widget\" data-widget_type=\"text-editor.default\">\n\t\t\t\t<div class=\"elementor-widget-container\">\n\t\t\t\t\t\t\t\t\t<p style=\"text-align: center;\">\n<div class=\"wpcf7 no-js\" id=\"wpcf7-f118-o1\" lang=\"es-ES\" dir=\"ltr\" data-wpcf7-id=\"118\">\n<div class=\"screen-reader-response\"><p role=\"status\" aria-live=\"polite\" aria-atomic=\"true\"><\/p> <ul><\/ul><\/div>\n<form action=\"\/en\/wp-json\/wp\/v2\/pages\/116#wpcf7-f118-o1\" method=\"post\" class=\"wpcf7-form init\" aria-label=\"Formulario de contacto\" novalidate=\"novalidate\" data-status=\"init\" data-trp-original-action=\"\/en\/wp-json\/wp\/v2\/pages\/116#wpcf7-f118-o1\">\n<fieldset class=\"hidden-fields-container\"><input type=\"hidden\" name=\"_wpcf7\" value=\"118\" \/><input type=\"hidden\" name=\"_wpcf7_version\" value=\"6.1.1\" \/><input type=\"hidden\" name=\"_wpcf7_locale\" value=\"es_ES\" \/><input type=\"hidden\" name=\"_wpcf7_unit_tag\" value=\"wpcf7-f118-o1\" \/><input type=\"hidden\" name=\"_wpcf7_container_post\" value=\"0\" \/><input type=\"hidden\" name=\"_wpcf7_posted_data_hash\" value=\"\" \/>\n<\/fieldset>\n<p><label> &nbsp;&nbsp;&nbsp;&nbsp; Name<br \/>\n<span class=\"wpcf7-form-control-wrap\" data-name=\"your-name\"><input size=\"40\" maxlength=\"400\" class=\"wpcf7-form-control wpcf7-text wpcf7-validates-as-required\" aria-required=\"true\" aria-invalid=\"false\" value=\"\" type=\"text\" name=\"your-name\" \/><\/span> <\/label>\n<\/p>\n<p><label> &nbsp;&nbsp;&nbsp;&nbsp; Mail<br \/>\n<span class=\"wpcf7-form-control-wrap\" data-name=\"your-email\"><input size=\"40\" maxlength=\"400\" class=\"wpcf7-form-control wpcf7-email wpcf7-validates-as-required wpcf7-text wpcf7-validates-as-email\" aria-required=\"true\" aria-invalid=\"false\" value=\"\" type=\"email\" name=\"your-email\" \/><\/span> <\/label>\n<\/p>\n<p><label>&nbsp;&nbsp;&nbsp;&nbsp; Affair<br \/>\n<span class=\"wpcf7-form-control-wrap\" data-name=\"your-subject\"><input size=\"40\" maxlength=\"400\" class=\"wpcf7-form-control wpcf7-text\" aria-invalid=\"false\" value=\"\" type=\"text\" name=\"your-subject\" \/><\/span> <\/label>\n<\/p>\n<p><label> &nbsp;&nbsp;&nbsp;&nbsp;Message<br \/>\n<span class=\"wpcf7-form-control-wrap\" data-name=\"your-message\"><textarea cols=\"40\" rows=\"10\" maxlength=\"2000\" class=\"wpcf7-form-control wpcf7-textarea\" aria-invalid=\"false\" name=\"your-message\"><\/textarea><\/span> <\/label><br \/>\n<label><span class=\"wpcf7-form-control-wrap\" data-name=\"privacypolicy\"><span class=\"wpcf7-form-control wpcf7-acceptance\"><span class=\"wpcf7-list-item\"><label><input type=\"checkbox\" name=\"privacypolicy\" value=\"1\" aria-invalid=\"false\" \/><span class=\"wpcf7-list-item-label\">I have read the and accept the <a href=\"https:\/\/algrusa.com\/en\/politica-de-privacidad\/\" >Privacy Policy<\/a><\/span><\/label><\/span><\/span><\/span><\/label><br \/>\n<input class=\"wpcf7-form-control wpcf7-submit has-spinner\" type=\"submit\" value=\"Send\" \/>\n<\/p><p style=\"display: none !important;\" class=\"akismet-fields-container\" data-prefix=\"_wpcf7_ak_\"><label>&#916;<textarea name=\"_wpcf7_ak_hp_textarea\" cols=\"45\" rows=\"8\" maxlength=\"100\"><\/textarea><\/label><input type=\"hidden\" id=\"ak_js_1\" name=\"_wpcf7_ak_js\" value=\"87\"\/><script>document.getElementById( \"ak_js_1\" ).setAttribute( \"value\", ( new Date() ).getTime() );<\/script><\/p><div class=\"wpcf7-response-output\" aria-hidden=\"true\"><\/div>\n<input type=\"hidden\" name=\"trp-form-language\" value=\"en\"\/><\/form>\n<\/div>\n<\/p>\t\t\t\t\t\t\t\t<\/div>\n\t\t\t\t<\/div>\n\t\t\t\t\t<\/div>\n\t\t<\/div>\n\t\t\t\t\t<\/div>\n\t\t<\/section>\n\t\t\t\t\t<\/div>\n\t\t<\/div>\n\t\t\t\t\t<\/div>\n\t\t<\/section>\n\t\t\t\t<\/div>","protected":false},"excerpt":{"rendered":"<p>Delegaci\u00f3n Zona Norte (Pamplona y Bilbao) C\/Ferm\u00edn Daoiz, 1-bajo 31015 Pamplona (Navarra) Tlfno.: 948123411 M\u00f3vil: 619424201 Fax: 948127622 admon@algrusa.es Delegaci\u00f3n Centro (Azuqueca) C\/Conde Romanones, N\u00ba2 (P.I. Miralcampo) 19200 Azuqueca de Henares (Guadalajara) Tlfno: 949277090 M\u00f3vil: 619424213 Fax: 949277126 trejo@algrusa.es&nbsp;<\/p>","protected":false},"author":1,"featured_media":107,"parent":0,"menu_order":0,"comment_status":"closed","ping_status":"open","template":"page-templates\/template-pagebuilder-full-width.php","meta":{"footnotes":""},"class_list":["post-116","page","type-page","status-publish","has-post-thumbnail","hentry"],"yoast_head":"<!-- This site is optimized with the Yoast SEO plugin v25.5 - https:\/\/yoast.com\/wordpress\/plugins\/seo\/ -->\n<title>Contacto - ALGRUSA<\/title>\n<meta name=\"robots\" content=\"index, follow, max-snippet:-1, max-image-preview:large, max-video-preview:-1\" \/>\n<link rel=\"canonical\" href=\"https:\/\/algrusa.com\/en\/contacto\/\" \/>\n<meta property=\"og:locale\" content=\"en_US\" \/>\n<meta property=\"og:type\" content=\"article\" \/>\n<meta property=\"og:title\" content=\"Contacto - ALGRUSA\" \/>\n<meta property=\"og:description\" content=\"Delegaci\u00f3n Zona Norte (Pamplona y Bilbao) C\/Ferm\u00edn Daoiz, 1-bajo 31015 Pamplona (Navarra) Tlfno.: 948123411 M\u00f3vil: 619424201 Fax: 948127622 admon@algrusa.es Delegaci\u00f3n Centro (Azuqueca) C\/Conde Romanones, N\u00ba2 (P.I. Miralcampo) 19200 Azuqueca de Henares (Guadalajara) Tlfno: 949277090 M\u00f3vil: 619424213 Fax: 949277126 trejo@algrusa.es&nbsp;\" \/>\n<meta property=\"og:url\" content=\"https:\/\/algrusa.com\/en\/contacto\/\" \/>\n<meta property=\"og:site_name\" content=\"ALGRUSA\" \/>\n<meta property=\"article:publisher\" content=\"https:\/\/www.facebook.com\/Algrusa\/\" \/>\n<meta property=\"article:modified_time\" content=\"2020-01-29T12:42:26+00:00\" \/>\n<meta property=\"og:image\" content=\"https:\/\/algrusa.com\/wp-content\/uploads\/2019\/11\/Campa.jpg\" \/>\n\t<meta property=\"og:image:width\" content=\"1162\" \/>\n\t<meta property=\"og:image:height\" content=\"865\" \/>\n\t<meta property=\"og:image:type\" content=\"image\/jpeg\" \/>\n<meta name=\"twitter:card\" content=\"summary_large_image\" \/>\n<script type=\"application\/ld+json\" class=\"yoast-schema-graph\">{\"@context\":\"https:\/\/schema.org\",\"@graph\":[{\"@type\":\"WebPage\",\"@id\":\"https:\/\/algrusa.com\/contacto\/\",\"url\":\"https:\/\/algrusa.com\/contacto\/\",\"name\":\"Contacto - ALGRUSA\",\"isPartOf\":{\"@id\":\"https:\/\/algrusa.com\/#website\"},\"primaryImageOfPage\":{\"@id\":\"https:\/\/algrusa.com\/contacto\/#primaryimage\"},\"image\":{\"@id\":\"https:\/\/algrusa.com\/contacto\/#primaryimage\"},\"thumbnailUrl\":\"https:\/\/algrusa.com\/wp-content\/uploads\/2019\/11\/Campa.jpg\",\"datePublished\":\"2019-11-07T07:24:07+00:00\",\"dateModified\":\"2020-01-29T12:42:26+00:00\",\"breadcrumb\":{\"@id\":\"https:\/\/algrusa.com\/contacto\/#breadcrumb\"},\"inLanguage\":\"en-US\",\"potentialAction\":[{\"@type\":\"ReadAction\",\"target\":[\"https:\/\/algrusa.com\/contacto\/\"]}]},{\"@type\":\"ImageObject\",\"inLanguage\":\"en-US\",\"@id\":\"https:\/\/algrusa.com\/contacto\/#primaryimage\",\"url\":\"https:\/\/algrusa.com\/wp-content\/uploads\/2019\/11\/Campa.jpg\",\"contentUrl\":\"https:\/\/algrusa.com\/wp-content\/uploads\/2019\/11\/Campa.jpg\",\"width\":1162,\"height\":865},{\"@type\":\"BreadcrumbList\",\"@id\":\"https:\/\/algrusa.com\/contacto\/#breadcrumb\",\"itemListElement\":[{\"@type\":\"ListItem\",\"position\":1,\"name\":\"Portada\",\"item\":\"https:\/\/algrusa.com\/\"},{\"@type\":\"ListItem\",\"position\":2,\"name\":\"Contacto\"}]},{\"@type\":\"WebSite\",\"@id\":\"https:\/\/algrusa.com\/#website\",\"url\":\"https:\/\/algrusa.com\/\",\"name\":\"ALGRUSA\",\"description\":\"Alquiler de Gruas Torres S.A.\",\"publisher\":{\"@id\":\"https:\/\/algrusa.com\/#organization\"},\"potentialAction\":[{\"@type\":\"SearchAction\",\"target\":{\"@type\":\"EntryPoint\",\"urlTemplate\":\"https:\/\/algrusa.com\/?s={search_term_string}\"},\"query-input\":{\"@type\":\"PropertyValueSpecification\",\"valueRequired\":true,\"valueName\":\"search_term_string\"}}],\"inLanguage\":\"en-US\"},{\"@type\":\"Organization\",\"@id\":\"https:\/\/algrusa.com\/#organization\",\"name\":\"Algrusa\",\"url\":\"https:\/\/algrusa.com\/\",\"logo\":{\"@type\":\"ImageObject\",\"inLanguage\":\"en-US\",\"@id\":\"https:\/\/algrusa.com\/#\/schema\/logo\/image\/\",\"url\":\"https:\/\/algrusa.com\/wp-content\/uploads\/2019\/10\/logo.jpg\",\"contentUrl\":\"https:\/\/algrusa.com\/wp-content\/uploads\/2019\/10\/logo.jpg\",\"width\":1090,\"height\":625,\"caption\":\"Algrusa\"},\"image\":{\"@id\":\"https:\/\/algrusa.com\/#\/schema\/logo\/image\/\"},\"sameAs\":[\"https:\/\/www.facebook.com\/Algrusa\/\"]}]}<\/script>\n<!-- \/ Yoast SEO plugin. -->","yoast_head_json":{"title":"Contacto - ALGRUSA","robots":{"index":"index","follow":"follow","max-snippet":"max-snippet:-1","max-image-preview":"max-image-preview:large","max-video-preview":"max-video-preview:-1"},"canonical":"https:\/\/algrusa.com\/en\/contacto\/","og_locale":"en_US","og_type":"article","og_title":"Contacto - ALGRUSA","og_description":"Delegaci\u00f3n Zona Norte (Pamplona y Bilbao) C\/Ferm\u00edn Daoiz, 1-bajo 31015 Pamplona (Navarra) Tlfno.: 948123411 M\u00f3vil: 619424201 Fax: 948127622 admon@algrusa.es Delegaci\u00f3n Centro (Azuqueca) C\/Conde Romanones, N\u00ba2 (P.I. Miralcampo) 19200 Azuqueca de Henares (Guadalajara) Tlfno: 949277090 M\u00f3vil: 619424213 Fax: 949277126 trejo@algrusa.es&nbsp;","og_url":"https:\/\/algrusa.com\/en\/contacto\/","og_site_name":"ALGRUSA","article_publisher":"https:\/\/www.facebook.com\/Algrusa\/","article_modified_time":"2020-01-29T12:42:26+00:00","og_image":[{"width":1162,"height":865,"url":"https:\/\/algrusa.com\/wp-content\/uploads\/2019\/11\/Campa.jpg","type":"image\/jpeg"}],"twitter_card":"summary_large_image","schema":{"@context":"https:\/\/schema.org","@graph":[{"@type":"WebPage","@id":"https:\/\/algrusa.com\/contacto\/","url":"https:\/\/algrusa.com\/contacto\/","name":"Contacto - ALGRUSA","isPartOf":{"@id":"https:\/\/algrusa.com\/#website"},"primaryImageOfPage":{"@id":"https:\/\/algrusa.com\/contacto\/#primaryimage"},"image":{"@id":"https:\/\/algrusa.com\/contacto\/#primaryimage"},"thumbnailUrl":"https:\/\/algrusa.com\/wp-content\/uploads\/2019\/11\/Campa.jpg","datePublished":"2019-11-07T07:24:07+00:00","dateModified":"2020-01-29T12:42:26+00:00","breadcrumb":{"@id":"https:\/\/algrusa.com\/contacto\/#breadcrumb"},"inLanguage":"en-US","potentialAction":[{"@type":"ReadAction","target":["https:\/\/algrusa.com\/contacto\/"]}]},{"@type":"ImageObject","inLanguage":"en-US","@id":"https:\/\/algrusa.com\/contacto\/#primaryimage","url":"https:\/\/algrusa.com\/wp-content\/uploads\/2019\/11\/Campa.jpg","contentUrl":"https:\/\/algrusa.com\/wp-content\/uploads\/2019\/11\/Campa.jpg","width":1162,"height":865},{"@type":"BreadcrumbList","@id":"https:\/\/algrusa.com\/contacto\/#breadcrumb","itemListElement":[{"@type":"ListItem","position":1,"name":"Portada","item":"https:\/\/algrusa.com\/"},{"@type":"ListItem","position":2,"name":"Contacto"}]},{"@type":"WebSite","@id":"https:\/\/algrusa.com\/#website","url":"https:\/\/algrusa.com\/","name":"ALGRUSA","description":"Alquiler de Gruas Torres S.A.","publisher":{"@id":"https:\/\/algrusa.com\/#organization"},"potentialAction":[{"@type":"SearchAction","target":{"@type":"EntryPoint","urlTemplate":"https:\/\/algrusa.com\/?s={search_term_string}"},"query-input":{"@type":"PropertyValueSpecification","valueRequired":true,"valueName":"search_term_string"}}],"inLanguage":"en-US"},{"@type":"Organization","@id":"https:\/\/algrusa.com\/#organization","name":"Algrusa","url":"https:\/\/algrusa.com\/","logo":{"@type":"ImageObject","inLanguage":"en-US","@id":"https:\/\/algrusa.com\/#\/schema\/logo\/image\/","url":"https:\/\/algrusa.com\/wp-content\/uploads\/2019\/10\/logo.jpg","contentUrl":"https:\/\/algrusa.com\/wp-content\/uploads\/2019\/10\/logo.jpg","width":1090,"height":625,"caption":"Algrusa"},"image":{"@id":"https:\/\/algrusa.com\/#\/schema\/logo\/image\/"},"sameAs":["https:\/\/www.facebook.com\/Algrusa\/"]}]}},"_links":{"self":[{"href":"https:\/\/algrusa.com\/en\/wp-json\/wp\/v2\/pages\/116","targetHints":{"allow":["GET"]}}],"collection":[{"href":"https:\/\/algrusa.com\/en\/wp-json\/wp\/v2\/pages"}],"about":[{"href":"https:\/\/algrusa.com\/en\/wp-json\/wp\/v2\/types\/page"}],"author":[{"embeddable":true,"href":"https:\/\/algrusa.com\/en\/wp-json\/wp\/v2\/users\/1"}],"replies":[{"embeddable":true,"href":"https:\/\/algrusa.com\/en\/wp-json\/wp\/v2\/comments?post=116"}],"version-history":[{"count":28,"href":"https:\/\/algrusa.com\/en\/wp-json\/wp\/v2\/pages\/116\/revisions"}],"predecessor-version":[{"id":4358,"href":"https:\/\/algrusa.com\/en\/wp-json\/wp\/v2\/pages\/116\/revisions\/4358"}],"wp:featuredmedia":[{"embeddable":true,"href":"https:\/\/algrusa.com\/en\/wp-json\/wp\/v2\/media\/107"}],"wp:attachment":[{"href":"https:\/\/algrusa.com\/en\/wp-json\/wp\/v2\/media?parent=116"}],"curies":[{"name":"wp","href":"https:\/\/api.w.org\/{rel}","templated":true}]}}