{"id":207,"date":"2019-12-03T07:42:56","date_gmt":"2019-12-03T07:42:56","guid":{"rendered":"https:\/\/algrusa.com\/?page_id=207"},"modified":"2019-12-03T07:42:56","modified_gmt":"2019-12-03T07:42:56","slug":"politica-de-privacidad","status":"publish","type":"page","link":"https:\/\/algrusa.com\/en\/politica-de-privacidad\/","title":{"rendered":"Privacy Policy"},"content":{"rendered":"<p style=\"text-align: center;\"><strong>PRIVACY POLICY<\/strong><\/p>\n<p style=\"text-align: justify;\">THE OWNER OF THE WEB undertakes not to transfer, sell, or share with third parties the data without your express approval.<\/p>\n<p style=\"text-align: justify;\">Likewise, THE OWNER OF THE WEB, will cancel or rectify the data when they are inaccurate, incomplete or have ceased to be necessary or relevant for their purpose, in accordance with the provisions of REGULATION (EU) 2016\/679 OF THE EUROPEAN PARLIAMENT AND OF THE COUNCIL of April 27, 2016 regarding the protection of natural persons with regard to the processing of personal data and the free movement of these data and repealing Directive 95\/46 \/ EC (General Data Protection Regulation ).<\/p>\n<p style=\"text-align: justify;\">The user may revoke the consent given and exercise the rights of access, rectification, deletion, limitation of the processing, data portability and opposition of their data by contacting info@algrusa.es, duly identifying and visibly indicating the specific right that It is exerted.<\/p>\n<p style=\"text-align: justify;\">THE OWNER OF THE WEB adopts the corresponding security levels required by the aforementioned GDPR and other applicable regulations. However, it does not assume any responsibility for the damages and losses derived from alterations that third parties may cause in the computer systems, electronic documents or user files.<\/p>\n<p style=\"text-align: justify;\">THE OWNER OF THE WEB may use cookies during the provision of website services. Cookies are physical files of personal information housed in the user's own terminal. The user has the possibility of configuring their browser program so that the creation of cookie files is prevented or warned.<\/p>\n<p style=\"text-align: justify;\">If you choose to leave our website through links to websites not belonging to our entity, THE OWNER OF THE WEBSITE will not be responsible for the privacy policies of said websites or the cookies that they may store on the computer of the user.<\/p>\n<p style=\"text-align: justify;\">Our policy regarding email is focused on sending only communications that you have requested to receive.<\/p>\n<p style=\"text-align: justify;\">If you prefer not to receive these messages by email we will offer you through them the possibility of exercising your right to cancel and waive the receipt of these messages, in accordance with the provisions of Title III, Article 22 of Law 34 \/ 2002 of Services for the Information Society and Electronic Commerce.<\/p>","protected":false},"excerpt":{"rendered":"<p>POL\u00cdTICA DE PRIVACIDAD EL PROPIETARIO DE LA WEB se compromete a no ceder, vender, ni compartir con terceros los datos sin su aprobaci\u00f3n expresa. Asimismo, EL PROPIETARIO DE LA WEB , cancelar\u00e1 o rectificar\u00e1 los datos cuando resulten inexactos, incompletos o hayan dejado de ser necesarios o pertinentes para su [&hellip;]<\/p>","protected":false},"author":1,"featured_media":107,"parent":0,"menu_order":0,"comment_status":"closed","ping_status":"open","template":"","meta":{"footnotes":""},"class_list":["post-207","page","type-page","status-publish","has-post-thumbnail","hentry"],"yoast_head":"<!-- This site is optimized with the Yoast SEO plugin v25.5 - https:\/\/yoast.com\/wordpress\/plugins\/seo\/ -->\n<title>Pol\u00edtica de Privacidad - ALGRUSA<\/title>\n<meta name=\"robots\" content=\"index, follow, max-snippet:-1, max-image-preview:large, max-video-preview:-1\" \/>\n<link rel=\"canonical\" href=\"https:\/\/algrusa.com\/en\/politica-de-privacidad\/\" \/>\n<meta property=\"og:locale\" content=\"en_US\" \/>\n<meta property=\"og:type\" content=\"article\" \/>\n<meta property=\"og:title\" content=\"Pol\u00edtica de Privacidad - ALGRUSA\" \/>\n<meta property=\"og:description\" content=\"POL\u00cdTICA DE PRIVACIDAD EL PROPIETARIO DE LA WEB se compromete a no ceder, vender, ni compartir con terceros los datos sin su aprobaci\u00f3n expresa. Asimismo, EL PROPIETARIO DE LA WEB , cancelar\u00e1 o rectificar\u00e1 los datos cuando resulten inexactos, incompletos o hayan dejado de ser necesarios o pertinentes para su [&hellip;]\" \/>\n<meta property=\"og:url\" content=\"https:\/\/algrusa.com\/en\/politica-de-privacidad\/\" \/>\n<meta property=\"og:site_name\" content=\"ALGRUSA\" \/>\n<meta property=\"article:publisher\" content=\"https:\/\/www.facebook.com\/Algrusa\/\" \/>\n<meta property=\"og:image\" content=\"https:\/\/algrusa.com\/wp-content\/uploads\/2019\/11\/Campa.jpg\" \/>\n\t<meta property=\"og:image:width\" content=\"1162\" \/>\n\t<meta property=\"og:image:height\" content=\"865\" \/>\n\t<meta property=\"og:image:type\" content=\"image\/jpeg\" \/>\n<meta name=\"twitter:card\" content=\"summary_large_image\" \/>\n<meta name=\"twitter:label1\" content=\"Est. reading time\" \/>\n\t<meta name=\"twitter:data1\" content=\"2 minutes\" \/>\n<script type=\"application\/ld+json\" class=\"yoast-schema-graph\">{\"@context\":\"https:\/\/schema.org\",\"@graph\":[{\"@type\":\"WebPage\",\"@id\":\"https:\/\/algrusa.com\/politica-de-privacidad\/\",\"url\":\"https:\/\/algrusa.com\/politica-de-privacidad\/\",\"name\":\"Pol\u00edtica de Privacidad - ALGRUSA\",\"isPartOf\":{\"@id\":\"https:\/\/algrusa.com\/#website\"},\"primaryImageOfPage\":{\"@id\":\"https:\/\/algrusa.com\/politica-de-privacidad\/#primaryimage\"},\"image\":{\"@id\":\"https:\/\/algrusa.com\/politica-de-privacidad\/#primaryimage\"},\"thumbnailUrl\":\"https:\/\/algrusa.com\/wp-content\/uploads\/2019\/11\/Campa.jpg\",\"datePublished\":\"2019-12-03T07:42:56+00:00\",\"breadcrumb\":{\"@id\":\"https:\/\/algrusa.com\/politica-de-privacidad\/#breadcrumb\"},\"inLanguage\":\"en-US\",\"potentialAction\":[{\"@type\":\"ReadAction\",\"target\":[\"https:\/\/algrusa.com\/politica-de-privacidad\/\"]}]},{\"@type\":\"ImageObject\",\"inLanguage\":\"en-US\",\"@id\":\"https:\/\/algrusa.com\/politica-de-privacidad\/#primaryimage\",\"url\":\"https:\/\/algrusa.com\/wp-content\/uploads\/2019\/11\/Campa.jpg\",\"contentUrl\":\"https:\/\/algrusa.com\/wp-content\/uploads\/2019\/11\/Campa.jpg\",\"width\":1162,\"height\":865},{\"@type\":\"BreadcrumbList\",\"@id\":\"https:\/\/algrusa.com\/politica-de-privacidad\/#breadcrumb\",\"itemListElement\":[{\"@type\":\"ListItem\",\"position\":1,\"name\":\"Portada\",\"item\":\"https:\/\/algrusa.com\/\"},{\"@type\":\"ListItem\",\"position\":2,\"name\":\"Pol\u00edtica de Privacidad\"}]},{\"@type\":\"WebSite\",\"@id\":\"https:\/\/algrusa.com\/#website\",\"url\":\"https:\/\/algrusa.com\/\",\"name\":\"ALGRUSA\",\"description\":\"Alquiler de Gruas Torres S.A.\",\"publisher\":{\"@id\":\"https:\/\/algrusa.com\/#organization\"},\"potentialAction\":[{\"@type\":\"SearchAction\",\"target\":{\"@type\":\"EntryPoint\",\"urlTemplate\":\"https:\/\/algrusa.com\/?s={search_term_string}\"},\"query-input\":{\"@type\":\"PropertyValueSpecification\",\"valueRequired\":true,\"valueName\":\"search_term_string\"}}],\"inLanguage\":\"en-US\"},{\"@type\":\"Organization\",\"@id\":\"https:\/\/algrusa.com\/#organization\",\"name\":\"Algrusa\",\"url\":\"https:\/\/algrusa.com\/\",\"logo\":{\"@type\":\"ImageObject\",\"inLanguage\":\"en-US\",\"@id\":\"https:\/\/algrusa.com\/#\/schema\/logo\/image\/\",\"url\":\"https:\/\/algrusa.com\/wp-content\/uploads\/2019\/10\/logo.jpg\",\"contentUrl\":\"https:\/\/algrusa.com\/wp-content\/uploads\/2019\/10\/logo.jpg\",\"width\":1090,\"height\":625,\"caption\":\"Algrusa\"},\"image\":{\"@id\":\"https:\/\/algrusa.com\/#\/schema\/logo\/image\/\"},\"sameAs\":[\"https:\/\/www.facebook.com\/Algrusa\/\"]}]}<\/script>\n<!-- \/ Yoast SEO plugin. -->","yoast_head_json":{"title":"Pol\u00edtica de Privacidad - ALGRUSA","robots":{"index":"index","follow":"follow","max-snippet":"max-snippet:-1","max-image-preview":"max-image-preview:large","max-video-preview":"max-video-preview:-1"},"canonical":"https:\/\/algrusa.com\/en\/politica-de-privacidad\/","og_locale":"en_US","og_type":"article","og_title":"Pol\u00edtica de Privacidad - ALGRUSA","og_description":"POL\u00cdTICA DE PRIVACIDAD EL PROPIETARIO DE LA WEB se compromete a no ceder, vender, ni compartir con terceros los datos sin su aprobaci\u00f3n expresa. Asimismo, EL PROPIETARIO DE LA WEB , cancelar\u00e1 o rectificar\u00e1 los datos cuando resulten inexactos, incompletos o hayan dejado de ser necesarios o pertinentes para su [&hellip;]","og_url":"https:\/\/algrusa.com\/en\/politica-de-privacidad\/","og_site_name":"ALGRUSA","article_publisher":"https:\/\/www.facebook.com\/Algrusa\/","og_image":[{"width":1162,"height":865,"url":"https:\/\/algrusa.com\/wp-content\/uploads\/2019\/11\/Campa.jpg","type":"image\/jpeg"}],"twitter_card":"summary_large_image","twitter_misc":{"Est. reading time":"2 minutes"},"schema":{"@context":"https:\/\/schema.org","@graph":[{"@type":"WebPage","@id":"https:\/\/algrusa.com\/politica-de-privacidad\/","url":"https:\/\/algrusa.com\/politica-de-privacidad\/","name":"Pol\u00edtica de Privacidad - ALGRUSA","isPartOf":{"@id":"https:\/\/algrusa.com\/#website"},"primaryImageOfPage":{"@id":"https:\/\/algrusa.com\/politica-de-privacidad\/#primaryimage"},"image":{"@id":"https:\/\/algrusa.com\/politica-de-privacidad\/#primaryimage"},"thumbnailUrl":"https:\/\/algrusa.com\/wp-content\/uploads\/2019\/11\/Campa.jpg","datePublished":"2019-12-03T07:42:56+00:00","breadcrumb":{"@id":"https:\/\/algrusa.com\/politica-de-privacidad\/#breadcrumb"},"inLanguage":"en-US","potentialAction":[{"@type":"ReadAction","target":["https:\/\/algrusa.com\/politica-de-privacidad\/"]}]},{"@type":"ImageObject","inLanguage":"en-US","@id":"https:\/\/algrusa.com\/politica-de-privacidad\/#primaryimage","url":"https:\/\/algrusa.com\/wp-content\/uploads\/2019\/11\/Campa.jpg","contentUrl":"https:\/\/algrusa.com\/wp-content\/uploads\/2019\/11\/Campa.jpg","width":1162,"height":865},{"@type":"BreadcrumbList","@id":"https:\/\/algrusa.com\/politica-de-privacidad\/#breadcrumb","itemListElement":[{"@type":"ListItem","position":1,"name":"Portada","item":"https:\/\/algrusa.com\/"},{"@type":"ListItem","position":2,"name":"Pol\u00edtica de Privacidad"}]},{"@type":"WebSite","@id":"https:\/\/algrusa.com\/#website","url":"https:\/\/algrusa.com\/","name":"ALGRUSA","description":"Alquiler de Gruas Torres S.A.","publisher":{"@id":"https:\/\/algrusa.com\/#organization"},"potentialAction":[{"@type":"SearchAction","target":{"@type":"EntryPoint","urlTemplate":"https:\/\/algrusa.com\/?s={search_term_string}"},"query-input":{"@type":"PropertyValueSpecification","valueRequired":true,"valueName":"search_term_string"}}],"inLanguage":"en-US"},{"@type":"Organization","@id":"https:\/\/algrusa.com\/#organization","name":"Algrusa","url":"https:\/\/algrusa.com\/","logo":{"@type":"ImageObject","inLanguage":"en-US","@id":"https:\/\/algrusa.com\/#\/schema\/logo\/image\/","url":"https:\/\/algrusa.com\/wp-content\/uploads\/2019\/10\/logo.jpg","contentUrl":"https:\/\/algrusa.com\/wp-content\/uploads\/2019\/10\/logo.jpg","width":1090,"height":625,"caption":"Algrusa"},"image":{"@id":"https:\/\/algrusa.com\/#\/schema\/logo\/image\/"},"sameAs":["https:\/\/www.facebook.com\/Algrusa\/"]}]}},"_links":{"self":[{"href":"https:\/\/algrusa.com\/en\/wp-json\/wp\/v2\/pages\/207","targetHints":{"allow":["GET"]}}],"collection":[{"href":"https:\/\/algrusa.com\/en\/wp-json\/wp\/v2\/pages"}],"about":[{"href":"https:\/\/algrusa.com\/en\/wp-json\/wp\/v2\/types\/page"}],"author":[{"embeddable":true,"href":"https:\/\/algrusa.com\/en\/wp-json\/wp\/v2\/users\/1"}],"replies":[{"embeddable":true,"href":"https:\/\/algrusa.com\/en\/wp-json\/wp\/v2\/comments?post=207"}],"version-history":[{"count":1,"href":"https:\/\/algrusa.com\/en\/wp-json\/wp\/v2\/pages\/207\/revisions"}],"predecessor-version":[{"id":208,"href":"https:\/\/algrusa.com\/en\/wp-json\/wp\/v2\/pages\/207\/revisions\/208"}],"wp:featuredmedia":[{"embeddable":true,"href":"https:\/\/algrusa.com\/en\/wp-json\/wp\/v2\/media\/107"}],"wp:attachment":[{"href":"https:\/\/algrusa.com\/en\/wp-json\/wp\/v2\/media?parent=207"}],"curies":[{"name":"wp","href":"https:\/\/api.w.org\/{rel}","templated":true}]}}